{"id":81,"date":"2018-06-19T10:44:49","date_gmt":"2018-06-19T10:44:49","guid":{"rendered":"https:\/\/mouglalis.fr\/contact-us\/"},"modified":"2026-02-15T21:35:15","modified_gmt":"2026-02-15T21:35:15","slug":"contact","status":"publish","type":"page","link":"https:\/\/mouglalis.fr\/zh\/contact\/","title":{"rendered":"\u8054\u7cfb"},"content":{"rendered":"<div data-elementor-type=\"wp-post\" data-elementor-id=\"81\" class=\"elementor elementor-81\">\n\t\t\t\t<div class=\"aux-parallax-section elementor-element elementor-element-231853b e-flex e-con-boxed e-con e-parent\" data-id=\"231853b\" data-element_type=\"container\" data-settings=\"{&quot;background_background&quot;:&quot;classic&quot;}\">\n\t\t\t\t\t<div class=\"e-con-inner\">\n\t\t<div class=\"elementor-element elementor-element-772b36b aux-appear-watch-animation aux-fade-in-right e-con-full e-flex e-con e-child\" data-id=\"772b36b\" data-element_type=\"container\">\n\t\t\t\t<div class=\"elementor-element elementor-element-6ed1427 elementor-widget elementor-widget-aux_modern_heading\" data-id=\"6ed1427\" data-element_type=\"widget\" data-widget_type=\"aux_modern_heading.default\">\n\t\t\t\t<div class=\"elementor-widget-container\">\n\t\t\t\t\t<section class=\"aux-widget-modern-heading\">\n            <div class=\"aux-widget-inner\"><h2 class=\"aux-modern-heading-primary\">\u8054\u7cfb\u6211\u4eec<\/h2><\/div>\n        <\/section>\t\t\t\t<\/div>\n\t\t\t\t<\/div>\n\t\t\t\t<\/div>\n\t\t\t\t\t<\/div>\n\t\t\t\t<\/div>\n\t\t<div class=\"aux-parallax-section elementor-element elementor-element-16ebdf2 e-flex e-con-boxed e-con e-parent\" data-id=\"16ebdf2\" data-element_type=\"container\" data-settings=\"{&quot;background_background&quot;:&quot;classic&quot;}\">\n\t\t\t\t\t<div class=\"e-con-inner\">\n\t\t<div class=\"elementor-element elementor-element-d32e433 aux-appear-watch-animation aux-fade-in-up e-con-full e-flex e-con e-child\" data-id=\"d32e433\" data-element_type=\"container\">\n\t\t\t\t<div class=\"elementor-element elementor-element-1f30b1b elementor-widget elementor-widget-aux_modern_heading\" data-id=\"1f30b1b\" data-element_type=\"widget\" data-widget_type=\"aux_modern_heading.default\">\n\t\t\t\t<div class=\"elementor-widget-container\">\n\t\t\t\t\t<section class=\"aux-widget-modern-heading\">\n            <div class=\"aux-widget-inner\"><h2 class=\"aux-modern-heading-primary\"><\/h2><h3 class=\"aux-modern-heading-secondary\"><span class=\"aux-head-before\">\u8054\u7cfb\u6211\u4eec<\/span><\/h3><div class=\"aux-modern-heading-divider\"><\/div><div class=\"aux-modern-heading-description\"><p>\u5982\u679c\u60a8\u6709\u5174\u8da3\u5728\u672a\u6765\u4e0e\u6211\u4eec\u5408\u4f5c\uff0c\u8bf7\u8054\u7cfb\u6211\u4eec<\/p><\/div><\/div>\n        <\/section>\t\t\t\t<\/div>\n\t\t\t\t<\/div>\n\t\t\t\t<div class=\"elementor-element elementor-element-ef5398c elementor-widget elementor-widget-aux_contact_form\" data-id=\"ef5398c\" data-element_type=\"widget\" data-widget_type=\"aux_contact_form.default\">\n\t\t\t\t<div class=\"elementor-widget-container\">\n\t\t\t\t\t<section class=\"widget-container aux-widget-contact-form aux-parent-au43007058\">            <div class=\"aux-col-wrapper aux-no-gutter\">\n            <!-- @TODO - The output for element here -->\n\n            \n<div class=\"wpcf7 no-js\" id=\"wpcf7-f327-o1\" lang=\"fr-FR\" dir=\"ltr\" data-wpcf7-id=\"327\">\n<div class=\"screen-reader-response\"><p role=\"status\" aria-live=\"polite\" aria-atomic=\"true\"><\/p> <ul><\/ul><\/div>\n<form action=\"\/zh\/wp-json\/wp\/v2\/pages\/81#wpcf7-f327-o1\" method=\"post\" class=\"wpcf7-form init\" aria-label=\"Formulaire de contact\" novalidate=\"novalidate\" data-status=\"init\" data-trp-original-action=\"\/zh\/wp-json\/wp\/v2\/pages\/81#wpcf7-f327-o1\">\n<fieldset class=\"hidden-fields-container\"><input type=\"hidden\" name=\"_wpcf7\" value=\"327\" \/><input type=\"hidden\" name=\"_wpcf7_version\" value=\"6.1.5\" \/><input type=\"hidden\" name=\"_wpcf7_locale\" value=\"fr_FR\" \/><input type=\"hidden\" name=\"_wpcf7_unit_tag\" value=\"wpcf7-f327-o1\" \/><input type=\"hidden\" name=\"_wpcf7_container_post\" value=\"0\" \/><input type=\"hidden\" name=\"_wpcf7_posted_data_hash\" value=\"\" \/><input type=\"hidden\" name=\"_wpcf7_recaptcha_response\" value=\"\" \/>\n<\/fieldset>\n<div class=\"aux-arch-form-inputs\">\n\t<p><span class=\"wpcf7-form-control-wrap\" data-name=\"your-name\"><input size=\"40\" maxlength=\"400\" class=\"wpcf7-form-control wpcf7-text wpcf7-validates-as-required\" aria-required=\"true\" aria-invalid=\"false\" placeholder=\"\u60a8\u7684\u540d\u5b57\u548c\u59d3\u6c0f\" value=\"\" type=\"text\" name=\"your-name\" \/><\/span><br \/>\n<span class=\"wpcf7-form-control-wrap\" data-name=\"your-email\"><input size=\"40\" maxlength=\"400\" class=\"wpcf7-form-control wpcf7-email wpcf7-validates-as-required wpcf7-text wpcf7-validates-as-email\" aria-required=\"true\" aria-invalid=\"false\" placeholder=\"\u7535\u5b50\u90ae\u4ef6\" value=\"\" type=\"email\" name=\"your-email\" \/><\/span><br \/>\n<span class=\"wpcf7-form-control-wrap\" data-name=\"tel-136\"><input size=\"40\" maxlength=\"400\" class=\"wpcf7-form-control wpcf7-tel wpcf7-validates-as-required wpcf7-text wpcf7-validates-as-tel\" aria-required=\"true\" aria-invalid=\"false\" placeholder=\"\u60a8\u7684\u7535\u8bdd\u53f7\u7801\" value=\"\" type=\"tel\" name=\"tel-136\" \/><\/span>\n\t<\/p>\n<\/div>\n<div class=\"aux-arch-form-textarea\">\n\t<p><span class=\"wpcf7-form-control-wrap\" data-name=\"your-message\"><textarea cols=\"40\" rows=\"10\" maxlength=\"2000\" class=\"wpcf7-form-control wpcf7-textarea\" aria-invalid=\"false\" placeholder=\"\u7559\u8a00\" name=\"your-message\"><\/textarea><\/span>\n\t<\/p>\n<\/div>\n<p><input class=\"wpcf7-form-control wpcf7-submit has-spinner\" type=\"submit\" value=\"\u53d1\u9001\" \/>\n<\/p><div class=\"wpcf7-response-output\" aria-hidden=\"true\"><\/div>\n<input type=\"hidden\" name=\"trp-form-language\" value=\"zh\"\/><\/form>\n<\/div>\n\n\n            <\/div><!-- aux-col-wrapper -->\n    <\/section><!-- widget-container -->\t\t\t\t<\/div>\n\t\t\t\t<\/div>\n\t\t\t\t<\/div>\n\t\t<div class=\"elementor-element elementor-element-f436dcb aux-appear-watch-animation aux-fade-in-up-1 e-con-full e-flex e-con e-child\" data-id=\"f436dcb\" data-element_type=\"container\">\n\t\t\t\t<div class=\"elementor-element elementor-element-a3d9394 elementor-widget elementor-widget-text-editor\" data-id=\"a3d9394\" data-element_type=\"widget\" data-widget_type=\"text-editor.default\">\n\t\t\t\t<div class=\"elementor-widget-container\">\n\t\t\t\t\t\t\t\t\t<p><img decoding=\"async\" class=\"alignleft size-full wp-image-1712\" src=\"https:\/\/mouglalis.fr\/wp-content\/uploads\/2026\/02\/mouglalis-made-in-france.png\" alt=\"Made In France\" width=\"307\" height=\"80\" srcset=\"https:\/\/mouglalis.fr\/wp-content\/uploads\/2026\/02\/mouglalis-made-in-france.png 307w, https:\/\/mouglalis.fr\/wp-content\/uploads\/2026\/02\/mouglalis-made-in-france-200x52.png 200w\" sizes=\"(max-width: 307px) 100vw, 307px\" \/><\/p><p>\u00a0<\/p><p>\u00a0<\/p><p>\u6cd5\u56fd\u624b\u5de5\u5236\u4f5c<\/p><p><a style=\"color: #cc9318;\" href=\"tel:+33670552950\">44120 \u97e6\u56fe<\/a><\/p><p><a style=\"color: #cc9318;\" href=\"tel:+33670552950\">+33 6 70 55 29 50<\/a><\/p><p><a style=\"color: #cc9318;\" href=\"mailto:contact@mouglalis.fr\">contact@mouglalis.fr<\/a><\/p>\t\t\t\t\t\t\t\t<\/div>\n\t\t\t\t<\/div>\n\t\t\t\t<\/div>\n\t\t\t\t\t<\/div>\n\t\t\t\t<\/div>\n\t\t<div class=\"aux-parallax-section elementor-element elementor-element-1ee5cd3 e-flex e-con-boxed e-con e-parent\" data-id=\"1ee5cd3\" data-element_type=\"container\">\n\t\t\t\t\t<div class=\"e-con-inner\">\n\t\t<div class=\"elementor-element elementor-element-11dbf34 e-grid e-con-full e-con e-child\" data-id=\"11dbf34\" data-element_type=\"container\">\n\t\t\t\t<div class=\"elementor-element elementor-element-c9586e7 elementor-widget elementor-widget-aux_modern_heading\" data-id=\"c9586e7\" data-element_type=\"widget\" data-widget_type=\"aux_modern_heading.default\">\n\t\t\t\t<div class=\"elementor-widget-container\">\n\t\t\t\t\t<section class=\"aux-widget-modern-heading\">\n            <div class=\"aux-widget-inner\"><h2 class=\"aux-modern-heading-primary\">MOUGLALIS<\/h2><h3 class=\"aux-modern-heading-secondary\"><span class=\"aux-head-highlight\">\u5728\u4f60\u73af\u5883\u7684\u6838\u5fc3<\/span><\/h3><div class=\"aux-modern-heading-divider\"><\/div><div class=\"aux-modern-heading-description\"><p>\u800c\u4e14\uff0c\u6211\u4eec\u8fd8\u80fd\u6ee1\u8db3\u60a8\u5728\u4e16\u754c\u5404\u5730\u7684\u5404\u79cd\u9700\u6c42<\/p><p>\u00a0<\/p><p><a href=\"https:\/\/j.map.baidu.com\/a7\/gSEk\" target=\"_blank\" rel=\"noopener\">\u60a8\u7684\u4e13\u5bb6\u5728\u6b64<\/a><\/p><\/div><\/div>\n        <\/section>\t\t\t\t<\/div>\n\t\t\t\t<\/div>\n\t\t\t\t<div class=\"elementor-element elementor-element-8ecd746 elementor-widget elementor-widget-image\" data-id=\"8ecd746\" data-element_type=\"widget\" data-widget_type=\"image.default\">\n\t\t\t\t<div class=\"elementor-widget-container\">\n\t\t\t\t\t\t\t\t\t\t\t\t\t\t\t\t<a href=\"https:\/\/j.map.baidu.com\/a7\/gSEk\">\n\t\t\t\t\t\t\t<img fetchpriority=\"high\" decoding=\"async\" width=\"768\" height=\"768\" src=\"https:\/\/mouglalis.fr\/wp-content\/uploads\/2026\/02\/Carte-France-Vertou-Mouglalis.webp\" class=\"attachment-full size-full wp-image-1821\" alt=\"Carte de France situant Vertou pour l&#039;entreprise Mouglalis.\" srcset=\"https:\/\/mouglalis.fr\/wp-content\/uploads\/2026\/02\/Carte-France-Vertou-Mouglalis.webp 768w, https:\/\/mouglalis.fr\/wp-content\/uploads\/2026\/02\/Carte-France-Vertou-Mouglalis-300x300.webp 300w, https:\/\/mouglalis.fr\/wp-content\/uploads\/2026\/02\/Carte-France-Vertou-Mouglalis-150x150.webp 150w, https:\/\/mouglalis.fr\/wp-content\/uploads\/2026\/02\/Carte-France-Vertou-Mouglalis-12x12.webp 12w, https:\/\/mouglalis.fr\/wp-content\/uploads\/2026\/02\/Carte-France-Vertou-Mouglalis-200x200.webp 200w\" sizes=\"(max-width: 768px) 100vw, 768px\" \/>\t\t\t\t\t\t\t\t<\/a>\n\t\t\t\t\t\t\t\t\t\t\t\t\t\t\t<\/div>\n\t\t\t\t<\/div>\n\t\t\t\t<\/div>\n\t\t\t\t\t<\/div>\n\t\t\t\t<\/div>\n\t\t<div class=\"aux-parallax-section elementor-element elementor-element-30fd081 e-flex e-con-boxed e-con e-parent\" data-id=\"30fd081\" data-element_type=\"container\">\n\t\t\t\t\t<div class=\"e-con-inner\">\n\t\t\t\t\t<\/div>\n\t\t\t\t<\/div>\n\t\t\t\t<\/div>","protected":false},"excerpt":{"rendered":"<p>Contactez-nous Contactez-nous Premi\u00e8re intention de notre\u00a0 future collaboration \u00a0 \u00a0 Fabrication Artisanale Fran\u00e7aise 44120 VERTOU +33 6 70 55 29 50 contact@mouglalis.fr MOUGLALIS Au c\u0153ur de votre environnement Mais aussi, pr\u00e8s de vos besoins, partout en Europe \u00a0 Ici votre sp\u00e9cialiste<\/p>","protected":false},"author":1,"featured_media":0,"parent":0,"menu_order":0,"comment_status":"closed","ping_status":"closed","template":"templates\/page-builder-content.php","meta":{"footnotes":""},"class_list":["post-81","page","type-page","status-publish","hentry"],"_links":{"self":[{"href":"https:\/\/mouglalis.fr\/zh\/wp-json\/wp\/v2\/pages\/81","targetHints":{"allow":["GET"]}}],"collection":[{"href":"https:\/\/mouglalis.fr\/zh\/wp-json\/wp\/v2\/pages"}],"about":[{"href":"https:\/\/mouglalis.fr\/zh\/wp-json\/wp\/v2\/types\/page"}],"author":[{"embeddable":true,"href":"https:\/\/mouglalis.fr\/zh\/wp-json\/wp\/v2\/users\/1"}],"replies":[{"embeddable":true,"href":"https:\/\/mouglalis.fr\/zh\/wp-json\/wp\/v2\/comments?post=81"}],"version-history":[{"count":46,"href":"https:\/\/mouglalis.fr\/zh\/wp-json\/wp\/v2\/pages\/81\/revisions"}],"predecessor-version":[{"id":1824,"href":"https:\/\/mouglalis.fr\/zh\/wp-json\/wp\/v2\/pages\/81\/revisions\/1824"}],"wp:attachment":[{"href":"https:\/\/mouglalis.fr\/zh\/wp-json\/wp\/v2\/media?parent=81"}],"curies":[{"name":"wp","href":"https:\/\/api.w.org\/{rel}","templated":true}]}}