{"id":78,"date":"2020-04-18T09:29:46","date_gmt":"2020-04-18T09:29:46","guid":{"rendered":"https:\/\/mouglalis.fr\/home\/"},"modified":"2026-02-15T21:54:28","modified_gmt":"2026-02-15T21:54:28","slug":"home","status":"publish","type":"page","link":"https:\/\/mouglalis.fr\/zh\/","title":{"rendered":"\u6b22\u8fce"},"content":{"rendered":"\t\t<div data-elementor-type=\"wp-post\" data-elementor-id=\"78\" class=\"elementor elementor-78\">\n\t\t\t\t<div class=\"aux-parallax-section elementor-element elementor-element-73e86a5 aux-appear-watch-animation aux-fade-in-down elementor-hidden-mobile elementor-hidden-tablet e-con-full e-flex e-con e-parent\" data-id=\"73e86a5\" data-element_type=\"container\" data-settings=\"{&quot;background_background&quot;:&quot;slideshow&quot;,&quot;background_slideshow_gallery&quot;:[{&quot;id&quot;:1218,&quot;url&quot;:&quot;https:\\\/\\\/mouglalis.fr\\\/wp-content\\\/uploads\\\/2025\\\/12\\\/Neolys-1.0-1_1.webp&quot;},{&quot;id&quot;:1644,&quot;url&quot;:&quot;https:\\\/\\\/mouglalis.fr\\\/wp-content\\\/uploads\\\/2025\\\/12\\\/jardiniere-logo-4000-scaled.jpg&quot;},{&quot;id&quot;:1183,&quot;url&quot;:&quot;https:\\\/\\\/mouglalis.fr\\\/wp-content\\\/uploads\\\/2025\\\/12\\\/machine-speciale-robot_16_9-scaled.webp&quot;}],&quot;background_slideshow_slide_duration&quot;:2500,&quot;background_slideshow_loop&quot;:&quot;yes&quot;,&quot;background_slideshow_slide_transition&quot;:&quot;fade&quot;,&quot;background_slideshow_transition_duration&quot;:500}\">\n\t\t<div class=\"elementor-element elementor-element-493cb21 e-flex e-con-boxed e-con e-child\" data-id=\"493cb21\" data-element_type=\"container\">\n\t\t\t\t\t<div class=\"e-con-inner\">\n\t\t\t\t<div class=\"elementor-element elementor-element-3e88de0 aux-appear-watch-animation aux-fade-in-right-2 elementor-widget__width-inherit elementor-widget elementor-widget-aux_modern_heading\" data-id=\"3e88de0\" data-element_type=\"widget\" data-widget_type=\"aux_modern_heading.default\">\n\t\t\t\t<div class=\"elementor-widget-container\">\n\t\t\t\t\t<section class=\"aux-widget-modern-heading\">\n            <div class=\"aux-widget-inner\"><h4 class=\"aux-modern-heading-primary\">Votre entreprise Design<\/h4><div class=\"aux-modern-heading-divider\"><\/div><div class=\"aux-modern-heading-secondary\"><span class=\"aux-head-before\">MOUGLALIS<\/span><\/div><div class=\"aux-modern-heading-description\"><h1><strong>LUMINAIRES<br>\nBACS et VEGETAUX<br>\nINGENIERIE MECANIQUE<\/strong><\/h1><\/div><\/div>\n        <\/section>\t\t\t\t<\/div>\n\t\t\t\t<\/div>\n\t\t\t\t<div class=\"elementor-element elementor-element-bca7bb9 elementor-widget__width-auto elementor-widget elementor-widget-aux_simple_svg\" data-id=\"bca7bb9\" data-element_type=\"widget\" data-widget_type=\"aux_simple_svg.default\">\n\t\t\t\t<div class=\"elementor-widget-container\">\n\t\t\t\t\t    <div class=\"aux-widget-container aux-simple-svg-container\">\n        <div class=\"aux-widget-container-inner\">\n            <div class=\"aux-the-svg\"><svg width=\"560\" height=\"430\"> <rect width=\"560\" height=\"430\" style=\"fill:transparent;stroke:var(--e-global-color-primary);stroke-width:50;fill-opacity:0;stroke-opacity:1\" \/> Sorry, your browser does not support inline SVG. <\/svg><\/div>\n        <\/div>\n    <\/div>\n    \t\t\t\t<\/div>\n\t\t\t\t<\/div>\n\t\t\t\t\t<\/div>\n\t\t\t\t<\/div>\n\t\t\t\t<\/div>\n\t\t<div class=\"aux-parallax-section elementor-element elementor-element-25e1b10 aux-appear-watch-animation aux-fade-in-down elementor-hidden-desktop e-flex e-con-boxed e-con e-parent\" data-id=\"25e1b10\" data-element_type=\"container\" data-settings=\"{&quot;background_background&quot;:&quot;slideshow&quot;,&quot;background_slideshow_gallery&quot;:[{&quot;id&quot;:1188,&quot;url&quot;:&quot;https:\\\/\\\/mouglalis.fr\\\/wp-content\\\/uploads\\\/2025\\\/12\\\/neolys-1.0-9_16.webp&quot;},{&quot;id&quot;:999,&quot;url&quot;:&quot;https:\\\/\\\/mouglalis.fr\\\/wp-content\\\/uploads\\\/2025\\\/11\\\/BacsPersonnalise-2.jpeg&quot;},{&quot;id&quot;:1183,&quot;url&quot;:&quot;https:\\\/\\\/mouglalis.fr\\\/wp-content\\\/uploads\\\/2025\\\/12\\\/machine-speciale-robot_16_9-scaled.webp&quot;}],&quot;background_slideshow_lazyload&quot;:&quot;yes&quot;,&quot;background_slideshow_slide_duration&quot;:2500,&quot;background_slideshow_loop&quot;:&quot;yes&quot;,&quot;background_slideshow_slide_transition&quot;:&quot;fade&quot;,&quot;background_slideshow_transition_duration&quot;:500}\">\n\t\t\t\t\t<div class=\"e-con-inner\">\n\t\t<div class=\"elementor-element elementor-element-cd9cecb e-con-full e-flex e-con e-child\" data-id=\"cd9cecb\" data-element_type=\"container\">\n\t\t\t\t<div class=\"elementor-element elementor-element-07edf3d aux-appear-watch-animation aux-fade-in-right-2 elementor-widget elementor-widget-aux_modern_heading\" data-id=\"07edf3d\" data-element_type=\"widget\" data-widget_type=\"aux_modern_heading.default\">\n\t\t\t\t<div class=\"elementor-widget-container\">\n\t\t\t\t\t<section class=\"aux-widget-modern-heading\">\n            <div class=\"aux-widget-inner\"><h4 class=\"aux-modern-heading-primary\">Votre entreprise Design<\/h4><div class=\"aux-modern-heading-divider\"><\/div><h1 class=\"aux-modern-heading-secondary\"><span class=\"aux-head-before\">MOUGLALIS<br>Luminaires,<br>Bacs \u00e0 Fleurs,  Ing\u00e9nierie M\u00e9canique<\/span><\/h1><\/div>\n        <\/section>\t\t\t\t<\/div>\n\t\t\t\t<\/div>\n\t\t\t\t<div class=\"elementor-element elementor-element-f176c47 elementor-widget__width-auto elementor-widget elementor-widget-aux_simple_svg\" data-id=\"f176c47\" data-element_type=\"widget\" data-widget_type=\"aux_simple_svg.default\">\n\t\t\t\t<div class=\"elementor-widget-container\">\n\t\t\t\t\t    <div class=\"aux-widget-container aux-simple-svg-container\">\n        <div class=\"aux-widget-container-inner\">\n            <div class=\"aux-the-svg\"><svg width=\"580\" height=\"450\"> <rect width=\"580\" height=\"450\" style=\"fill:transparent;stroke:var(--e-global-color-primary);stroke-width:50;fill-opacity:0;stroke-opacity:1\" \/> Sorry, your browser does not support inline SVG. <\/svg><\/div>\n        <\/div>\n    <\/div>\n    \t\t\t\t<\/div>\n\t\t\t\t<\/div>\n\t\t\t\t<\/div>\n\t\t\t\t\t<\/div>\n\t\t\t\t<\/div>\n\t\t<div class=\"aux-parallax-section elementor-element elementor-element-4a2493a e-flex e-con-boxed e-con e-parent\" data-id=\"4a2493a\" data-element_type=\"container\">\n\t\t\t\t\t<div class=\"e-con-inner\">\n\t\t<div class=\"elementor-element elementor-element-31ea4e1 aux-appear-watch-animation aux-fade-in-left e-flex e-con-boxed e-con e-child\" data-id=\"31ea4e1\" data-element_type=\"container\">\n\t\t\t\t\t<div class=\"e-con-inner\">\n\t\t\t\t<div class=\"elementor-element elementor-element-7f77b57 elementor-widget elementor-widget-aux_image\" data-id=\"7f77b57\" data-element_type=\"widget\" data-widget_type=\"aux_image.default\">\n\t\t\t\t<div class=\"elementor-widget-container\">\n\t\t\t\t\t<section class=\"widget-container aux-widget-image aux-alignnone aux-parent-au75e6beef\">\n    <div class=\"aux-media-hint-frame \">\n        <div class=\"aux-media-image \" >\n        \n            \n\n            \n            <img fetchpriority=\"high\" decoding=\"async\" width=\"800\" height=\"800\" src=\"https:\/\/mouglalis.fr\/wp-content\/uploads\/2025\/11\/800_689_Bruno_mouglalis-1024x1024.webp\" class=\"aux-attachment aux-featured-image aux-attachment-id-153\" alt=\"800_689_Bruno_mouglalis\" srcset=\"https:\/\/mouglalis.fr\/wp-content\/uploads\/2025\/11\/800_689_Bruno_mouglalis-150x150.webp 150w,https:\/\/mouglalis.fr\/wp-content\/uploads\/2025\/11\/800_689_Bruno_mouglalis-300x300.webp 300w,https:\/\/mouglalis.fr\/wp-content\/uploads\/2025\/11\/800_689_Bruno_mouglalis-768x768.webp 768w,https:\/\/mouglalis.fr\/wp-content\/uploads\/2025\/11\/800_689_Bruno_mouglalis-1024x1024.webp 800w\" data-ratio=\"1\" data-original-w=\"800\" sizes=\"(max-width:479px) 480px,(max-width:767px) 768px,(max-width:1023px) 1024px,800px\" \/>            \n                <\/div>\n    <\/div>\n\n<\/section><!-- widget-container -->\t\t\t\t<\/div>\n\t\t\t\t<\/div>\n\t\t\t\t<div class=\"elementor-element elementor-element-3bc25ca elementor-widget__width-auto elementor-widget elementor-widget-aux_modern_heading\" data-id=\"3bc25ca\" data-element_type=\"widget\" data-widget_type=\"aux_modern_heading.default\">\n\t\t\t\t<div class=\"elementor-widget-container\">\n\t\t\t\t\t<section class=\"aux-widget-modern-heading\">\n            <div class=\"aux-widget-inner\"><h2 class=\"aux-modern-heading-primary\">BRUNO MOUGLALIS<\/h2><div class=\"aux-modern-heading-divider\"><\/div><h3 class=\"aux-modern-heading-secondary\"><span class=\"aux-head-before\">30 Ann\u00e9es<\/span><span class=\"aux-head-highlight\">d'exp\u00e9rience<\/span><span class=\"aux-head-after\">professionnelle<\/span><\/h3><div class=\"aux-modern-heading-description\"><h3><strong>Concepteur, Fabricant et Int\u00e9grateur<\/strong><\/h3><\/div><\/div>\n        <\/section>\t\t\t\t<\/div>\n\t\t\t\t<\/div>\n\t\t\t\t\t<\/div>\n\t\t\t\t<\/div>\n\t\t\t\t\t<\/div>\n\t\t\t\t<\/div>\n\t\t<div class=\"aux-parallax-section elementor-element elementor-element-4190ebb e-flex e-con-boxed e-con e-parent\" data-id=\"4190ebb\" data-element_type=\"container\">\n\t\t\t\t\t<div class=\"e-con-inner\">\n\t\t<div class=\"elementor-element elementor-element-2c2f78f e-con-full e-flex e-con e-child\" data-id=\"2c2f78f\" data-element_type=\"container\">\n\t\t<div class=\"elementor-element elementor-element-1df77d9 e-con-full e-flex e-con e-child\" data-id=\"1df77d9\" data-element_type=\"container\">\n\t\t<div class=\"elementor-element elementor-element-94b9ca1 aux-appear-watch-animation aux-scale-down e-con-full e-flex e-con e-child\" data-id=\"94b9ca1\" data-element_type=\"container\">\n\t\t\t\t<div class=\"elementor-element elementor-element-813703d elementor-widget elementor-widget-aux_text\" data-id=\"813703d\" data-element_type=\"widget\" data-widget_type=\"aux_text.default\">\n\t\t\t\t<div class=\"elementor-widget-container\">\n\t\t\t\t\t<section class=\"widget-container aux-widget-text aux-parent-auc2eb7b18\">        <div class=\"aux-widget-advanced-text aux-wrap-style-simple aux-ico-pos-top aux-text-center aux-text-resp- aux-text-color-dark aux-text-widget-bg-center  \" >\n        \n                            <div class=\"aux-text-widget-header \"  >\n                        <div class=\"aux-ico-box aux-ico-large aux-ico-shape-circle aux-ico-clear \">\n                            <i aria-hidden=\"true\" class=\"aux-ico far fa-lightbulb\"><\/i>                        <\/div>\n                <\/div>\n            \n            <div class=\"aux-text-inner aux-text-widget-content\">\n                                <h4 class=\"col-title\"><a href=\"https:\/\/mouglalis.fr\/zh\/luminaires\/\">LUMINAIRES<\/a><\/h4>\n                                <div class=\"widget-content\">\n                                        <p>Cr\u00e9ations sculpturales et techniques, finitions or, d\u00e9veloppement sur mesure.<\/p>                <\/div>\n                            <\/div>\n        <\/div>\n                    <div class=\"aux-text-widget-footer\">\n                <div class=\"aux-border-shape-none \">\n                                <\/div>\n            <\/div>\n        \n<\/section><!-- widget-container -->\t\t\t\t<\/div>\n\t\t\t\t<\/div>\n\t\t\t\t<\/div>\n\t\t<div class=\"elementor-element elementor-element-e06d134 aux-appear-watch-animation aux-scale-down e-con-full e-flex e-con e-child\" data-id=\"e06d134\" data-element_type=\"container\">\n\t\t\t\t<div class=\"elementor-element elementor-element-7399184 elementor-widget elementor-widget-aux_text\" data-id=\"7399184\" data-element_type=\"widget\" data-widget_type=\"aux_text.default\">\n\t\t\t\t<div class=\"elementor-widget-container\">\n\t\t\t\t\t<section class=\"widget-container aux-widget-text aux-parent-aue95714ea\">        <div class=\"aux-widget-advanced-text aux-wrap-style-simple aux-ico-pos-top aux-text-center aux-text-resp- aux-text-color-dark aux-text-widget-bg-center  \" >\n        \n                            <div class=\"aux-text-widget-header \"  >\n                        <div class=\"aux-ico-box aux-ico-large aux-ico-shape-circle aux-ico-clear \">\n                            <i aria-hidden=\"true\" class=\"aux-ico auxicon2 auxicon2-flower-design\"><\/i>                        <\/div>\n                <\/div>\n            \n            <div class=\"aux-text-inner aux-text-widget-content\">\n                                <h4 class=\"col-title\"><a href=\"https:\/\/mouglalis.fr\/zh\/bacs-vegetaux\/\">BACS et VEGETAL<\/a><\/h4>\n                                <div class=\"widget-content\">\n                                        <p>Bacs \u00e0 fleurs et arbres personnalisables \u2014 int\u00e9gration esth\u00e9tique et technique.<\/p>                <\/div>\n                            <\/div>\n        <\/div>\n                    <div class=\"aux-text-widget-footer\">\n                <div class=\"aux-border-shape-none \">\n                                <\/div>\n            <\/div>\n        \n<\/section><!-- widget-container -->\t\t\t\t<\/div>\n\t\t\t\t<\/div>\n\t\t\t\t<\/div>\n\t\t<div class=\"elementor-element elementor-element-b4b205a aux-appear-watch-animation aux-scale-down e-con-full e-flex e-con e-child\" data-id=\"b4b205a\" data-element_type=\"container\">\n\t\t\t\t<div class=\"elementor-element elementor-element-66fd347 elementor-widget elementor-widget-aux_text\" data-id=\"66fd347\" data-element_type=\"widget\" data-widget_type=\"aux_text.default\">\n\t\t\t\t<div class=\"elementor-widget-container\">\n\t\t\t\t\t<section class=\"widget-container aux-widget-text aux-parent-aud28abe84\">        <div class=\"aux-widget-advanced-text aux-wrap-style-simple aux-ico-pos-top aux-text-center aux-text-resp- aux-text-color-dark aux-text-widget-bg-center  \" >\n        \n                            <div class=\"aux-text-widget-header \"  >\n                        <div class=\"aux-ico-box aux-ico-large aux-ico-shape-circle aux-ico-clear \">\n                            <i aria-hidden=\"true\" class=\"aux-ico auxicon auxicon-settings-9\"><\/i>                        <\/div>\n                <\/div>\n            \n            <div class=\"aux-text-inner aux-text-widget-content\">\n                                <h4 class=\"col-title\">INGENIERIE MECANIQUE<\/h4>\n                                <div class=\"widget-content\">\n                                        <p>Bureau d'\u00e9tude, prototypage et int\u00e9gration de machines sp\u00e9ciales depuis 30 ans.<\/p>                <\/div>\n                            <\/div>\n        <\/div>\n                    <div class=\"aux-text-widget-footer\">\n                <div class=\"aux-border-shape-none \">\n                                <\/div>\n            <\/div>\n        \n<\/section><!-- widget-container -->\t\t\t\t<\/div>\n\t\t\t\t<\/div>\n\t\t\t\t<\/div>\n\t\t\t\t<\/div>\n\t\t\t\t<\/div>\n\t\t\t\t\t<\/div>\n\t\t\t\t<\/div>\n\t\t<div class=\"aux-parallax-section elementor-element elementor-element-550e84c e-flex e-con-boxed e-con e-parent\" data-id=\"550e84c\" data-element_type=\"container\">\n\t\t\t\t\t<div class=\"e-con-inner\">\n\t\t\t\t<div class=\"elementor-element elementor-element-da7dc12 aux-appear-watch-animation aux-scale-down elementor-widget elementor-widget-aux_staff\" data-id=\"da7dc12\" data-element_type=\"widget\" data-widget_type=\"aux_staff.default\">\n\t\t\t\t<div class=\"elementor-widget-container\">\n\t\t\t\t\t<section class=\"aux-wrap-style-simple widget-container aux-widget-staff aux-parent-au3775f17e\">    <div class=\"aux-staff-container aux-staff-pos-top aux-staff-text-center aux-staff-text-dark \" >\n            <div class=\"aux-staff-header aux-staff-img-rect\">\n            <div class=\"aux-media-image\"><img decoding=\"async\" width=\"1024\" height=\"1024\" src=\"https:\/\/mouglalis.fr\/wp-content\/uploads\/2025\/11\/mouglalis.fr_-1024x1024.png\" alt=\"mouglalis.fr\" srcset=\"https:\/\/mouglalis.fr\/wp-content\/uploads\/2025\/11\/mouglalis.fr_-150x150.png 150w,https:\/\/mouglalis.fr\/wp-content\/uploads\/2025\/11\/mouglalis.fr_-300x300.png 300w,https:\/\/mouglalis.fr\/wp-content\/uploads\/2025\/11\/mouglalis.fr_-768x768.png 768w,https:\/\/mouglalis.fr\/wp-content\/uploads\/2025\/11\/mouglalis.fr_-1024x1024.png 1024w\" data-ratio=\"1\" data-original-w=\"1024\" \/><\/div>        <\/div>\n            <div class=\"aux-staff-content\">\n                        <h4 class=\"col-title\">Le Design<\/h4>\n                        <h5 class=\"col-subtitle\">LUMINAIRES, BACS et VEGETAUX, INGENIERIE<\/h5>\n                    <\/div>\n\n    <\/div>\n\n\n<\/section><!-- widget-container -->\t\t\t\t<\/div>\n\t\t\t\t<\/div>\n\t\t\t\t\t<\/div>\n\t\t\t\t<\/div>\n\t\t<div class=\"aux-parallax-section elementor-element elementor-element-13bda7f e-flex e-con-boxed e-con e-parent\" data-id=\"13bda7f\" data-element_type=\"container\" data-settings=\"{&quot;background_background&quot;:&quot;classic&quot;}\">\n\t\t\t\t\t<div class=\"e-con-inner\">\n\t\t<div class=\"elementor-element elementor-element-386e437 aux-appear-watch-animation aux-fade-in-up e-con-full e-flex e-con e-child\" data-id=\"386e437\" data-element_type=\"container\">\n\t\t\t\t<div class=\"elementor-element elementor-element-8657775 elementor-widget elementor-widget-aux_modern_heading\" data-id=\"8657775\" data-element_type=\"widget\" data-widget_type=\"aux_modern_heading.default\">\n\t\t\t\t<div class=\"elementor-widget-container\">\n\t\t\t\t\t<section class=\"aux-widget-modern-heading\">\n            <div class=\"aux-widget-inner\"><h2 class=\"aux-modern-heading-primary\"><\/h2><h3 class=\"aux-modern-heading-secondary\"><span class=\"aux-head-before\">Contactez-nous<\/span><\/h3><div class=\"aux-modern-heading-divider\"><\/div><div class=\"aux-modern-heading-description\"><p>Premi\u00e8re intention de notre\u00a0 future collaboration<\/p><\/div><\/div>\n        <\/section>\t\t\t\t<\/div>\n\t\t\t\t<\/div>\n\t\t\t\t<div class=\"elementor-element elementor-element-be5afc0 elementor-widget elementor-widget-aux_contact_form\" data-id=\"be5afc0\" data-element_type=\"widget\" data-widget_type=\"aux_contact_form.default\">\n\t\t\t\t<div class=\"elementor-widget-container\">\n\t\t\t\t\t<section class=\"widget-container aux-widget-contact-form aux-parent-au29bfd2b6\">            <div class=\"aux-col-wrapper aux-no-gutter\">\n            <!-- @TODO - The output for element here -->\n\n            \n<div class=\"wpcf7 no-js\" id=\"wpcf7-f327-o1\" lang=\"fr-FR\" dir=\"ltr\" data-wpcf7-id=\"327\">\n<div class=\"screen-reader-response\"><p role=\"status\" aria-live=\"polite\" aria-atomic=\"true\"><\/p> <ul><\/ul><\/div>\n<form action=\"\/zh\/wp-json\/wp\/v2\/pages\/78#wpcf7-f327-o1\" method=\"post\" class=\"wpcf7-form init\" aria-label=\"Formulaire de contact\" novalidate=\"novalidate\" data-status=\"init\">\n<fieldset class=\"hidden-fields-container\"><input type=\"hidden\" name=\"_wpcf7\" value=\"327\" \/><input type=\"hidden\" name=\"_wpcf7_version\" value=\"6.1.5\" \/><input type=\"hidden\" name=\"_wpcf7_locale\" value=\"fr_FR\" \/><input type=\"hidden\" name=\"_wpcf7_unit_tag\" value=\"wpcf7-f327-o1\" \/><input type=\"hidden\" name=\"_wpcf7_container_post\" value=\"0\" \/><input type=\"hidden\" name=\"_wpcf7_posted_data_hash\" value=\"\" \/><input type=\"hidden\" name=\"_wpcf7_recaptcha_response\" value=\"\" \/>\n<\/fieldset>\n<div class=\"aux-arch-form-inputs\">\n\t<p><span class=\"wpcf7-form-control-wrap\" data-name=\"your-name\"><input size=\"40\" maxlength=\"400\" class=\"wpcf7-form-control wpcf7-text wpcf7-validates-as-required\" aria-required=\"true\" aria-invalid=\"false\" placeholder=\"Vos nom et pr\u00e9nom*\" value=\"\" type=\"text\" name=\"your-name\" \/><\/span><br \/>\n<span class=\"wpcf7-form-control-wrap\" data-name=\"your-email\"><input size=\"40\" maxlength=\"400\" class=\"wpcf7-form-control wpcf7-email wpcf7-validates-as-required wpcf7-text wpcf7-validates-as-email\" aria-required=\"true\" aria-invalid=\"false\" placeholder=\"Email*\" value=\"\" type=\"email\" name=\"your-email\" \/><\/span><br \/>\n<span class=\"wpcf7-form-control-wrap\" data-name=\"tel-136\"><input size=\"40\" maxlength=\"400\" class=\"wpcf7-form-control wpcf7-tel wpcf7-validates-as-required wpcf7-text wpcf7-validates-as-tel\" aria-required=\"true\" aria-invalid=\"false\" placeholder=\"Votre num\u00e9ro de t\u00e9l\u00e9phone*\" value=\"\" type=\"tel\" name=\"tel-136\" \/><\/span>\n\t<\/p>\n<\/div>\n<div class=\"aux-arch-form-textarea\">\n\t<p><span class=\"wpcf7-form-control-wrap\" data-name=\"your-message\"><textarea cols=\"40\" rows=\"10\" maxlength=\"2000\" class=\"wpcf7-form-control wpcf7-textarea\" aria-invalid=\"false\" placeholder=\"Message\" name=\"your-message\"><\/textarea><\/span>\n\t<\/p>\n<\/div>\n<p><input class=\"wpcf7-form-control wpcf7-submit has-spinner\" type=\"submit\" value=\"Envoyer\" \/>\n<\/p><div class=\"wpcf7-response-output\" aria-hidden=\"true\"><\/div>\n<\/form>\n<\/div>\n\n\n            <\/div><!-- aux-col-wrapper -->\n    <\/section><!-- widget-container -->\t\t\t\t<\/div>\n\t\t\t\t<\/div>\n\t\t\t\t<\/div>\n\t\t<div class=\"elementor-element elementor-element-91e7cd5 aux-appear-watch-animation aux-fade-in-up-1 e-con-full e-flex e-con e-child\" data-id=\"91e7cd5\" data-element_type=\"container\">\n\t\t\t\t<div class=\"elementor-element elementor-element-d7410f8 elementor-widget elementor-widget-text-editor\" data-id=\"d7410f8\" data-element_type=\"widget\" data-widget_type=\"text-editor.default\">\n\t\t\t\t<div class=\"elementor-widget-container\">\n\t\t\t\t\t\t\t\t\t<h3><img decoding=\"async\" class=\"alignleft size-full wp-image-1712\" src=\"https:\/\/mouglalis.fr\/wp-content\/uploads\/2026\/02\/mouglalis-made-in-france.png\" alt=\"Made In France\" width=\"307\" height=\"80\" srcset=\"https:\/\/mouglalis.fr\/wp-content\/uploads\/2026\/02\/mouglalis-made-in-france.png 307w, https:\/\/mouglalis.fr\/wp-content\/uploads\/2026\/02\/mouglalis-made-in-france-200x52.png 200w\" sizes=\"(max-width: 307px) 100vw, 307px\" \/>Fabrication Artisanale Fran\u00e7aise<\/h3><h3>44120 Vertou<\/h3><h3><strong><a style=\"color: #cc9318;\" href=\"tel:+33670552950\">+33 6 70 55 29 50<\/a><\/strong><\/h3><p><a style=\"color: #cc9318;\" href=\"mailto:contact@mouglalis.fr\">contact@mouglalis.fr<\/a><\/p>\t\t\t\t\t\t\t\t<\/div>\n\t\t\t\t<\/div>\n\t\t\t\t<\/div>\n\t\t\t\t\t<\/div>\n\t\t\t\t<\/div>\n\t\t\t\t<\/div>\n\t\t","protected":false},"excerpt":{"rendered":"<p>Votre entreprise Design MOUGLALIS LUMINAIRES BACS et VEGETAUX INGENIERIE MECANIQUE Sorry, your browser does not support inline SVG. Votre entreprise Design MOUGLALISLuminaires,Bacs \u00e0 Fleurs, Ing\u00e9nierie M\u00e9canique Sorry, your browser does not support inline SVG. BRUNO MOUGLALIS 30 Ann\u00e9esd&rsquo;exp\u00e9rienceprofessionnelle Concepteur, Fabricant et Int\u00e9grateur LUMINAIRES Cr\u00e9ations sculpturales et techniques, finitions or, d\u00e9veloppement sur mesure. BACS et VEGETAL [&hellip;]<\/p>\n","protected":false},"author":1,"featured_media":0,"parent":0,"menu_order":0,"comment_status":"closed","ping_status":"closed","template":"templates\/page-builder-content.php","meta":{"footnotes":""},"class_list":["post-78","page","type-page","status-publish","hentry"],"_links":{"self":[{"href":"https:\/\/mouglalis.fr\/zh\/wp-json\/wp\/v2\/pages\/78","targetHints":{"allow":["GET"]}}],"collection":[{"href":"https:\/\/mouglalis.fr\/zh\/wp-json\/wp\/v2\/pages"}],"about":[{"href":"https:\/\/mouglalis.fr\/zh\/wp-json\/wp\/v2\/types\/page"}],"author":[{"embeddable":true,"href":"https:\/\/mouglalis.fr\/zh\/wp-json\/wp\/v2\/users\/1"}],"replies":[{"embeddable":true,"href":"https:\/\/mouglalis.fr\/zh\/wp-json\/wp\/v2\/comments?post=78"}],"version-history":[{"count":496,"href":"https:\/\/mouglalis.fr\/zh\/wp-json\/wp\/v2\/pages\/78\/revisions"}],"predecessor-version":[{"id":1831,"href":"https:\/\/mouglalis.fr\/zh\/wp-json\/wp\/v2\/pages\/78\/revisions\/1831"}],"wp:attachment":[{"href":"https:\/\/mouglalis.fr\/zh\/wp-json\/wp\/v2\/media?parent=78"}],"curies":[{"name":"wp","href":"https:\/\/api.w.org\/{rel}","templated":true}]}}